{"id":106,"date":"2021-08-14T16:25:58","date_gmt":"2021-08-14T16:25:58","guid":{"rendered":"https:\/\/www.citvgrupojjsac.com\/citv\/?page_id=106"},"modified":"2021-08-18T22:56:53","modified_gmt":"2021-08-18T22:56:53","slug":"sede-santa-clara","status":"publish","type":"page","link":"https:\/\/www.citvgrupojjsac.com\/citv\/sede-santa-clara\/","title":{"rendered":"SEDE &#8211; SANTA CLARA"},"content":{"rendered":"<body>\t\t<div data-elementor-type=\"wp-page\" data-elementor-id=\"106\" class=\"elementor elementor-106\">\n\t\t\t\t\t\t<section class=\"elementor-section elementor-top-section elementor-element elementor-element-fd4dbb2 elementor-section-boxed elementor-section-height-default elementor-section-height-default\" data-id=\"fd4dbb2\" data-element_type=\"section\" data-e-type=\"section\">\n\t\t\t\t\t\t<div class=\"elementor-container elementor-column-gap-default\">\n\t\t\t\t\t<div class=\"elementor-column elementor-col-100 elementor-top-column elementor-element elementor-element-b5eed18\" data-id=\"b5eed18\" data-element_type=\"column\" data-e-type=\"column\">\n\t\t\t<div class=\"elementor-widget-wrap elementor-element-populated\">\n\t\t\t\t\t\t<div class=\"elementor-element elementor-element-2b8e2ac elementor-view-default elementor-widget elementor-widget-icon\" data-id=\"2b8e2ac\" data-element_type=\"widget\" data-e-type=\"widget\" data-widget_type=\"icon.default\">\n\t\t\t\t<div class=\"elementor-widget-container\">\n\t\t\t\t\t\t\t<div class=\"elementor-icon-wrapper\">\n\t\t\t<div class=\"elementor-icon elementor-animation-shrink\">\n\t\t\t<i aria-hidden=\"true\" class=\"fas fa-warehouse\"><\/i>\t\t\t<\/div>\n\t\t<\/div>\n\t\t\t\t\t\t<\/div>\n\t\t\t\t<\/div>\n\t\t\t\t\t<\/div>\n\t\t<\/div>\n\t\t\t\t\t<\/div>\n\t\t<\/section>\n\t\t\t\t<section class=\"elementor-section elementor-top-section elementor-element elementor-element-39abe78 elementor-section-boxed elementor-section-height-default elementor-section-height-default\" data-id=\"39abe78\" data-element_type=\"section\" data-e-type=\"section\">\n\t\t\t\t\t\t<div class=\"elementor-container elementor-column-gap-default\">\n\t\t\t\t\t<div class=\"elementor-column elementor-col-100 elementor-top-column elementor-element elementor-element-fdff762\" data-id=\"fdff762\" data-element_type=\"column\" data-e-type=\"column\">\n\t\t\t<div class=\"elementor-widget-wrap elementor-element-populated\">\n\t\t\t\t\t\t<div class=\"elementor-element elementor-element-703c976 elementor-widget elementor-widget-heading\" data-id=\"703c976\" data-element_type=\"widget\" data-e-type=\"widget\" data-widget_type=\"heading.default\">\n\t\t\t\t<div class=\"elementor-widget-container\">\n\t\t\t\t\t<h2 class=\"elementor-heading-title elementor-size-default\">Sede LIMA - SANTA CLARA<\/h2>\t\t\t\t<\/div>\n\t\t\t\t<\/div>\n\t\t\t\t\t<\/div>\n\t\t<\/div>\n\t\t\t\t\t<\/div>\n\t\t<\/section>\n\t\t\t\t<section class=\"elementor-section elementor-top-section elementor-element elementor-element-afdca89 elementor-section-boxed elementor-section-height-default elementor-section-height-default\" data-id=\"afdca89\" data-element_type=\"section\" data-e-type=\"section\">\n\t\t\t\t\t\t<div class=\"elementor-container elementor-column-gap-default\">\n\t\t\t\t\t<div class=\"elementor-column elementor-col-100 elementor-top-column elementor-element elementor-element-62b062b\" data-id=\"62b062b\" data-element_type=\"column\" data-e-type=\"column\">\n\t\t\t<div class=\"elementor-widget-wrap elementor-element-populated\">\n\t\t\t\t\t\t<div class=\"elementor-element elementor-element-cf20980 elementor-widget elementor-widget-text-editor\" data-id=\"cf20980\" data-element_type=\"widget\" data-e-type=\"widget\" data-widget_type=\"text-editor.default\">\n\t\t\t\t<div class=\"elementor-widget-container\">\n\t\t\t\t\t\t\t\t\t<p><span style=\"color: #ffffff;\">Av. Nicol\u00e1s de Pi\u00e9rola N\u00b0 375, Ate \u2013 Lima<\/span><\/p>\t\t\t\t\t\t\t\t<\/div>\n\t\t\t\t<\/div>\n\t\t\t\t\t<\/div>\n\t\t<\/div>\n\t\t\t\t\t<\/div>\n\t\t<\/section>\n\t\t\t\t<section class=\"elementor-section elementor-top-section elementor-element elementor-element-0063cda elementor-section-boxed elementor-section-height-default elementor-section-height-default\" data-id=\"0063cda\" data-element_type=\"section\" data-e-type=\"section\">\n\t\t\t\t\t\t<div class=\"elementor-container elementor-column-gap-default\">\n\t\t\t\t\t<div class=\"elementor-column elementor-col-100 elementor-top-column elementor-element elementor-element-abec276\" data-id=\"abec276\" data-element_type=\"column\" data-e-type=\"column\">\n\t\t\t<div class=\"elementor-widget-wrap elementor-element-populated\">\n\t\t\t\t\t\t<div class=\"elementor-element elementor-element-bcecaa2 elementor-widget elementor-widget-image\" data-id=\"bcecaa2\" data-element_type=\"widget\" data-e-type=\"widget\" data-widget_type=\"image.default\">\n\t\t\t\t<div class=\"elementor-widget-container\">\n\t\t\t\t\t\t\t\t\t\t\t\t\t\t\t<img loading=\"lazy\" decoding=\"async\" width=\"525\" height=\"350\" src=\"https:\/\/i0.wp.com\/www.citvgrupojjsac.com\/citv\/wp-content\/uploads\/2021\/08\/santaclara.jpg?fit=525%2C350&amp;ssl=1\" class=\"attachment-large size-large wp-image-425\" alt=\"\" srcset=\"https:\/\/i0.wp.com\/www.citvgrupojjsac.com\/citv\/wp-content\/uploads\/2021\/08\/santaclara.jpg?w=525&amp;ssl=1 525w, https:\/\/i0.wp.com\/www.citvgrupojjsac.com\/citv\/wp-content\/uploads\/2021\/08\/santaclara.jpg?resize=300%2C200&amp;ssl=1 300w\" sizes=\"auto, (max-width: 525px) 100vw, 525px\" loading=\"lazy\">\t\t\t\t\t\t\t\t\t\t\t\t\t\t\t<\/div>\n\t\t\t\t<\/div>\n\t\t\t\t\t<\/div>\n\t\t<\/div>\n\t\t\t\t\t<\/div>\n\t\t<\/section>\n\t\t\t\t<section class=\"elementor-section elementor-top-section elementor-element elementor-element-3666a3a elementor-section-boxed elementor-section-height-default elementor-section-height-default\" data-id=\"3666a3a\" data-element_type=\"section\" data-e-type=\"section\">\n\t\t\t\t\t\t<div class=\"elementor-container elementor-column-gap-default\">\n\t\t\t\t\t<div class=\"elementor-column elementor-col-33 elementor-top-column elementor-element elementor-element-010b0ad\" data-id=\"010b0ad\" data-element_type=\"column\" data-e-type=\"column\">\n\t\t\t<div class=\"elementor-widget-wrap elementor-element-populated\">\n\t\t\t\t\t\t<div class=\"elementor-element elementor-element-87e0456 elementor-widget elementor-widget-text-editor\" data-id=\"87e0456\" data-element_type=\"widget\" data-e-type=\"widget\" data-widget_type=\"text-editor.default\">\n\t\t\t\t<div class=\"elementor-widget-container\">\n\t\t\t\t\t\t\t\t\t<h2 style=\"text-align: center;\">NUESTRO HORARIO<\/h2><div style=\"text-align: center;\"><p><span style=\"color: #ffffff;\">Los esperamos de Lunes a S\u00e1bado.<\/span><br><span style=\"color: #ffffff;\">Desde las 8:00 am hasta las 7:00 pm.<\/span><\/p><\/div>\t\t\t\t\t\t\t\t<\/div>\n\t\t\t\t<\/div>\n\t\t\t\t<div class=\"elementor-element elementor-element-695aa3d elementor-align-center elementor-widget elementor-widget-button\" data-id=\"695aa3d\" data-element_type=\"widget\" data-e-type=\"widget\" data-widget_type=\"button.default\">\n\t\t\t\t<div class=\"elementor-widget-container\">\n\t\t\t\t\t\t\t\t\t<div class=\"elementor-button-wrapper\">\n\t\t\t\t\t<a class=\"elementor-button elementor-button-link elementor-size-sm\" href=\"#\">\n\t\t\t\t\t\t<span class=\"elementor-button-content-wrapper\">\n\t\t\t\t\t\t<span class=\"elementor-button-icon\">\n\t\t\t\t<i aria-hidden=\"true\" class=\"far fa-envelope\"><\/i>\t\t\t<\/span>\n\t\t\t\t\t\t\t\t\t<span class=\"elementor-button-text\">adm.santaclara@grupoj-j.com<\/span>\n\t\t\t\t\t<\/span>\n\t\t\t\t\t<\/a>\n\t\t\t\t<\/div>\n\t\t\t\t\t\t\t\t<\/div>\n\t\t\t\t<\/div>\n\t\t\t\t\t<\/div>\n\t\t<\/div>\n\t\t\t\t<div class=\"elementor-column elementor-col-33 elementor-top-column elementor-element elementor-element-497ca34\" data-id=\"497ca34\" data-element_type=\"column\" data-e-type=\"column\">\n\t\t\t<div class=\"elementor-widget-wrap elementor-element-populated\">\n\t\t\t\t\t\t<div class=\"elementor-element elementor-element-ac04fd1 elementor-widget elementor-widget-text-editor\" data-id=\"ac04fd1\" data-element_type=\"widget\" data-e-type=\"widget\" data-widget_type=\"text-editor.default\">\n\t\t\t\t<div class=\"elementor-widget-container\">\n\t\t\t\t\t\t\t\t\t<h2 style=\"text-align: center;\"><span style=\"color: #f7b40b;\">NUESTRO PERSONAL<\/span><\/h2><p style=\"text-align: center;\"><span style=\"color: #ffffff;\"><strong>Trigo Villaca, Feliciano<\/strong> \u2013 <em>Ing. Mec\u00e1nico<\/em><br><span style=\"font-size: 0.9375rem;\"><strong>Villena Herrera, Jorman<\/strong> \u2013 <em>Tec. Mec\u00e1nico<\/em><br><\/span><span style=\"font-size: 0.9375rem;\"><strong>Baca Llantoy, Delino <\/strong>\u2013 <em>Tec. Mec\u00e1nico<\/em><br><\/span><span style=\"font-size: 0.9375rem;\"><strong>Galindo Huaroc, Bryan Roy<\/strong> \u2013 <em>Tec. Mec\u00e1nico<\/em><br><strong>Condori de la Cruz, Edwin<\/strong> \u2013 <em>Tec. Mec\u00e1nico<\/em><\/span><\/span><\/p>\t\t\t\t\t\t\t\t<\/div>\n\t\t\t\t<\/div>\n\t\t\t\t\t<\/div>\n\t\t<\/div>\n\t\t\t\t<div class=\"elementor-column elementor-col-33 elementor-top-column elementor-element elementor-element-d0c49c6\" data-id=\"d0c49c6\" data-element_type=\"column\" data-e-type=\"column\">\n\t\t\t<div class=\"elementor-widget-wrap elementor-element-populated\">\n\t\t\t\t\t\t<div class=\"elementor-element elementor-element-5c8a184 elementor-widget elementor-widget-text-editor\" data-id=\"5c8a184\" data-element_type=\"widget\" data-e-type=\"widget\" data-widget_type=\"text-editor.default\">\n\t\t\t\t<div class=\"elementor-widget-container\">\n\t\t\t\t\t\t\t\t\t<h2 style=\"text-align: center;\">TARIFARIO<\/h2>\t\t\t\t\t\t\t\t<\/div>\n\t\t\t\t<\/div>\n\t\t\t\t<div class=\"elementor-element elementor-element-9654b03 elementor-align-center elementor-widget elementor-widget-button\" data-id=\"9654b03\" data-element_type=\"widget\" data-e-type=\"widget\" data-widget_type=\"button.default\">\n\t\t\t\t<div class=\"elementor-widget-container\">\n\t\t\t\t\t\t\t\t\t<div class=\"elementor-button-wrapper\">\n\t\t\t\t\t<a class=\"elementor-button elementor-button-link elementor-size-md elementor-animation-shrink\" href=\"https:\/\/www.citvgrupojjsac.com\/citv\/wp-content\/uploads\/2021\/08\/tarifario.pdf\" target=\"_blank\" download=\"\">\n\t\t\t\t\t\t<span class=\"elementor-button-content-wrapper\">\n\t\t\t\t\t\t<span class=\"elementor-button-icon\">\n\t\t\t\t<i aria-hidden=\"true\" class=\"fas fa-file-download\"><\/i>\t\t\t<\/span>\n\t\t\t\t\t\t\t\t\t<span class=\"elementor-button-text\">Conozca Nuestros Precios<\/span>\n\t\t\t\t\t<\/span>\n\t\t\t\t\t<\/a>\n\t\t\t\t<\/div>\n\t\t\t\t\t\t\t\t<\/div>\n\t\t\t\t<\/div>\n\t\t\t\t<div class=\"elementor-element elementor-element-38d961e elementor-shape-circle elementor-grid-0 e-grid-align-center elementor-widget elementor-widget-social-icons\" data-id=\"38d961e\" data-element_type=\"widget\" data-e-type=\"widget\" data-widget_type=\"social-icons.default\">\n\t\t\t\t<div class=\"elementor-widget-container\">\n\t\t\t\t\t\t\t<div class=\"elementor-social-icons-wrapper elementor-grid\" role=\"list\">\n\t\t\t\t\t\t\t<span class=\"elementor-grid-item\" role=\"listitem\">\n\t\t\t\t\t<a class=\"elementor-icon elementor-social-icon elementor-social-icon-facebook elementor-animation-pop elementor-repeater-item-eca8ce5\" href=\"https:\/\/www.facebook.com\/CITVSANTACLARA\" target=\"_blank\">\n\t\t\t\t\t\t<span class=\"elementor-screen-only\">Facebook<\/span>\n\t\t\t\t\t\t<i aria-hidden=\"true\" class=\"fab fa-facebook\"><\/i>\t\t\t\t\t<\/a>\n\t\t\t\t<\/span>\n\t\t\t\t\t\t\t<span class=\"elementor-grid-item\" role=\"listitem\">\n\t\t\t\t\t<a class=\"elementor-icon elementor-social-icon elementor-social-icon-whatsapp elementor-animation-pop elementor-repeater-item-605eb24\" href=\"https:\/\/api.whatsapp.com\/send\/?phone=51977207180\" target=\"_blank\">\n\t\t\t\t\t\t<span class=\"elementor-screen-only\">Whatsapp<\/span>\n\t\t\t\t\t\t<i aria-hidden=\"true\" class=\"fab fa-whatsapp\"><\/i>\t\t\t\t\t<\/a>\n\t\t\t\t<\/span>\n\t\t\t\t\t<\/div>\n\t\t\t\t\t\t<\/div>\n\t\t\t\t<\/div>\n\t\t\t\t\t<\/div>\n\t\t<\/div>\n\t\t\t\t\t<\/div>\n\t\t<\/section>\n\t\t\t\t<section class=\"elementor-section elementor-top-section elementor-element elementor-element-703af00 elementor-section-boxed elementor-section-height-default elementor-section-height-default\" data-id=\"703af00\" data-element_type=\"section\" data-e-type=\"section\">\n\t\t\t\t\t\t<div class=\"elementor-container elementor-column-gap-default\">\n\t\t\t\t\t<div class=\"elementor-column elementor-col-100 elementor-top-column elementor-element elementor-element-f4b05eb\" data-id=\"f4b05eb\" data-element_type=\"column\" data-e-type=\"column\">\n\t\t\t<div class=\"elementor-widget-wrap elementor-element-populated\">\n\t\t\t\t\t\t<div class=\"elementor-element elementor-element-73710be elementor-widget elementor-widget-google_maps\" data-id=\"73710be\" data-element_type=\"widget\" data-e-type=\"widget\" data-widget_type=\"google_maps.default\">\n\t\t\t\t<div class=\"elementor-widget-container\">\n\t\t\t\t\t\t\t<div class=\"elementor-custom-embed\">\n\t\t\t<iframe loading=\"lazy\" src=\"https:\/\/maps.google.com\/maps?q=Revisiones%20T%C3%A9cnicas%20Grupo%20J%20%26%20J%20Av.%20Nicol%C3%A1s%20de%20Pi%C3%A9rola%20375%2C%20Ate%2015491&amp;t=m&amp;z=16&amp;output=embed&amp;iwloc=near\" title=\"Revisiones T\u00e9cnicas Grupo J &amp; J Av. Nicol\u00e1s de Pi\u00e9rola 375, Ate 15491\" aria-label=\"Revisiones T\u00e9cnicas Grupo J &amp; J Av. Nicol\u00e1s de Pi\u00e9rola 375, Ate 15491\"><\/iframe>\n\t\t<\/div>\n\t\t\t\t\t\t<\/div>\n\t\t\t\t<\/div>\n\t\t\t\t\t<\/div>\n\t\t<\/div>\n\t\t\t\t\t<\/div>\n\t\t<\/section>\n\t\t\t\t<\/div>\n\t\t<\/body>","protected":false},"excerpt":{"rendered":"<p>Sede LIMA &#8211; SANTA CLARA Av. Nicol\u00e1s de Pi\u00e9rola N\u00b0 375, Ate &#8211; Lima NUESTRO HORARIO Los esperamos de Lunes a S\u00e1bado.Desde las 8:00 am hasta las 7:00 pm. adm.santaclara@grupoj-j.com&hellip;<\/p>\n","protected":false},"author":1,"featured_media":0,"parent":0,"menu_order":0,"comment_status":"closed","ping_status":"closed","template":"","meta":{"om_disable_all_campaigns":false,"footnotes":""},"class_list":["post-106","page","type-page","status-publish","hentry"],"jetpack_sharing_enabled":true,"_links":{"self":[{"href":"https:\/\/www.citvgrupojjsac.com\/citv\/wp-json\/wp\/v2\/pages\/106","targetHints":{"allow":["GET"]}}],"collection":[{"href":"https:\/\/www.citvgrupojjsac.com\/citv\/wp-json\/wp\/v2\/pages"}],"about":[{"href":"https:\/\/www.citvgrupojjsac.com\/citv\/wp-json\/wp\/v2\/types\/page"}],"author":[{"embeddable":true,"href":"https:\/\/www.citvgrupojjsac.com\/citv\/wp-json\/wp\/v2\/users\/1"}],"replies":[{"embeddable":true,"href":"https:\/\/www.citvgrupojjsac.com\/citv\/wp-json\/wp\/v2\/comments?post=106"}],"version-history":[{"count":13,"href":"https:\/\/www.citvgrupojjsac.com\/citv\/wp-json\/wp\/v2\/pages\/106\/revisions"}],"predecessor-version":[{"id":632,"href":"https:\/\/www.citvgrupojjsac.com\/citv\/wp-json\/wp\/v2\/pages\/106\/revisions\/632"}],"wp:attachment":[{"href":"https:\/\/www.citvgrupojjsac.com\/citv\/wp-json\/wp\/v2\/media?parent=106"}],"curies":[{"name":"wp","href":"https:\/\/api.w.org\/{rel}","templated":true}]}}