{"id":851,"date":"2021-11-18T20:19:30","date_gmt":"2021-11-18T20:19:30","guid":{"rendered":"https:\/\/www.citvgrupojjsac.com\/citv\/?page_id=851"},"modified":"2021-11-18T21:03:42","modified_gmt":"2021-11-18T21:03:42","slug":"elementor-851","status":"publish","type":"page","link":"https:\/\/www.citvgrupojjsac.com\/citv\/elementor-851\/","title":{"rendered":"Elementor #851"},"content":{"rendered":"<body>\t\t<div data-elementor-type=\"wp-page\" data-elementor-id=\"851\" class=\"elementor elementor-851\">\n\t\t\t\t\t\t<section class=\"elementor-section elementor-top-section elementor-element elementor-element-14f153d elementor-section-boxed elementor-section-height-default elementor-section-height-default\" data-id=\"14f153d\" data-element_type=\"section\" data-e-type=\"section\" data-settings=\"{&quot;background_background&quot;:&quot;classic&quot;}\">\n\t\t\t\t\t\t\t<div class=\"elementor-background-overlay\"><\/div>\n\t\t\t\t\t\t\t<div class=\"elementor-container elementor-column-gap-default\">\n\t\t\t\t\t<div class=\"elementor-column elementor-col-100 elementor-top-column elementor-element elementor-element-2aece8c\" data-id=\"2aece8c\" data-element_type=\"column\" data-e-type=\"column\" data-settings=\"{&quot;background_background&quot;:&quot;classic&quot;}\">\n\t\t\t<div class=\"elementor-widget-wrap elementor-element-populated\">\n\t\t\t\t\t<div class=\"elementor-background-overlay\"><\/div>\n\t\t\t\t\t\t<div class=\"elementor-element elementor-element-306ffe9 elementor-widget elementor-widget-heading\" data-id=\"306ffe9\" data-element_type=\"widget\" data-e-type=\"widget\" data-widget_type=\"heading.default\">\n\t\t\t\t<div class=\"elementor-widget-container\">\n\t\t\t\t\t<h2 class=\"elementor-heading-title elementor-size-default\">LIBRO DE RECLAMACIONES<\/h2>\t\t\t\t<\/div>\n\t\t\t\t<\/div>\n\t\t\t\t<div class=\"elementor-element elementor-element-fd38c58 elementor-widget elementor-widget-wpforms\" data-id=\"fd38c58\" data-element_type=\"widget\" data-e-type=\"widget\" data-widget_type=\"wpforms.default\">\n\t\t\t\t<div class=\"elementor-widget-container\">\n\t\t\t\t\t<div class=\"wpforms-container wpforms-container-full\" id=\"wpforms-852\"><form id=\"wpforms-form-852\" class=\"wpforms-validate wpforms-form wpforms-ajax-form\" data-formid=\"852\" method=\"post\" enctype=\"multipart\/form-data\" action=\"\/citv\/wp-json\/wp\/v2\/pages\/851\" data-token=\"dd8afdc5bba047032865ba01da865d8b\" data-token-time=\"1777481884\"><noscript class=\"wpforms-error-noscript\">Por favor, activa JavaScript en tu navegador para completar este formulario.<\/noscript><div class=\"wpforms-field-container\"><div id=\"wpforms-852-field_3-container\" class=\"wpforms-field wpforms-field-name\" data-field-id=\"3\"><label class=\"wpforms-field-label\">Nombre <span class=\"wpforms-required-label\">*<\/span><\/label><div class=\"wpforms-field-row wpforms-field-large\"><div class=\"wpforms-field-row-block wpforms-first wpforms-one-half\"><input type=\"text\" id=\"wpforms-852-field_3\" class=\"wpforms-field-name-first wpforms-field-required\" name=\"wpforms[fields][3][first]\" required><label for=\"wpforms-852-field_3\" class=\"wpforms-field-sublabel after\">Nombre<\/label><\/div><div class=\"wpforms-field-row-block wpforms-one-half\"><input type=\"text\" id=\"wpforms-852-field_3-last\" class=\"wpforms-field-name-last wpforms-field-required\" name=\"wpforms[fields][3][last]\" required><label for=\"wpforms-852-field_3-last\" class=\"wpforms-field-sublabel after\">Apellidos<\/label><\/div><\/div><\/div><div id=\"wpforms-852-field_1-container\" class=\"wpforms-field wpforms-field-text\" data-field-id=\"1\"><label class=\"wpforms-field-label\" for=\"wpforms-852-field_1\">Direcci\u00f3n <span class=\"wpforms-required-label\">*<\/span><\/label><input type=\"text\" id=\"wpforms-852-field_1\" class=\"wpforms-field-large wpforms-field-required\" name=\"wpforms[fields][1]\" required><\/div><div id=\"wpforms-852-field_4-container\" class=\"wpforms-field wpforms-field-radio wpforms-list-inline\" data-field-id=\"4\"><label class=\"wpforms-field-label\">Tipo de Documento <span class=\"wpforms-required-label\">*<\/span><\/label><ul id=\"wpforms-852-field_4\" class=\"wpforms-randomize wpforms-field-required\"><li class=\"choice-1 depth-1 wpforms-selected\"><input type=\"radio\" id=\"wpforms-852-field_4_1\" name=\"wpforms[fields][4]\" value=\"DNI\" required checked><label class=\"wpforms-field-label-inline\" for=\"wpforms-852-field_4_1\">DNI<\/label><\/li><li class=\"choice-2 depth-1\"><input type=\"radio\" id=\"wpforms-852-field_4_2\" name=\"wpforms[fields][4]\" value=\"CE\" required><label class=\"wpforms-field-label-inline\" for=\"wpforms-852-field_4_2\">CE<\/label><\/li><li class=\"choice-3 depth-1\"><input type=\"radio\" id=\"wpforms-852-field_4_3\" name=\"wpforms[fields][4]\" value=\"RUC\" required><label class=\"wpforms-field-label-inline\" for=\"wpforms-852-field_4_3\">RUC<\/label><\/li><\/ul><\/div><div id=\"wpforms-852-field_5-container\" class=\"wpforms-field wpforms-field-number\" data-field-id=\"5\"><label class=\"wpforms-field-label\" for=\"wpforms-852-field_5\">DNI \/ CE \/ RUC <span class=\"wpforms-required-label\">*<\/span><\/label><input type=\"number\" id=\"wpforms-852-field_5\" class=\"wpforms-field-small wpforms-field-required\" name=\"wpforms[fields][5]\" step=\"any\" required><\/div><div id=\"wpforms-852-field_6-container\" class=\"wpforms-field wpforms-field-email\" data-field-id=\"6\"><label class=\"wpforms-field-label\" for=\"wpforms-852-field_6\">Correo electr\u00f3nico <span class=\"wpforms-required-label\">*<\/span><\/label><input type=\"email\" id=\"wpforms-852-field_6\" class=\"wpforms-field-medium wpforms-field-required\" name=\"wpforms[fields][6]\" spellcheck=\"false\" required><\/div><div id=\"wpforms-852-field_7-container\" class=\"wpforms-field wpforms-field-number\" data-field-id=\"7\"><label class=\"wpforms-field-label\" for=\"wpforms-852-field_7\">Tel\u00e9fono <span class=\"wpforms-required-label\">*<\/span><\/label><input type=\"number\" id=\"wpforms-852-field_7\" class=\"wpforms-field-small wpforms-field-required\" name=\"wpforms[fields][7]\" step=\"any\" required><\/div><div id=\"wpforms-852-field_8-container\" class=\"wpforms-field wpforms-field-radio wpforms-list-inline\" data-field-id=\"8\"><label class=\"wpforms-field-label\">Identificaci\u00f3n del bien contratado <span class=\"wpforms-required-label\">*<\/span><\/label><ul id=\"wpforms-852-field_8\" class=\"wpforms-field-required\"><li class=\"choice-1 depth-1 wpforms-selected\"><input type=\"radio\" id=\"wpforms-852-field_8_1\" name=\"wpforms[fields][8]\" value=\"Producto\" required checked><label class=\"wpforms-field-label-inline\" for=\"wpforms-852-field_8_1\">Producto<\/label><\/li><li class=\"choice-2 depth-1\"><input type=\"radio\" id=\"wpforms-852-field_8_2\" name=\"wpforms[fields][8]\" value=\"Servicio\" required><label class=\"wpforms-field-label-inline\" for=\"wpforms-852-field_8_2\">Servicio<\/label><\/li><\/ul><\/div><div id=\"wpforms-852-field_9-container\" class=\"wpforms-field wpforms-field-number\" data-field-id=\"9\"><label class=\"wpforms-field-label\" for=\"wpforms-852-field_9\">Monto reclamado <span class=\"wpforms-required-label\">*<\/span><\/label><input type=\"number\" id=\"wpforms-852-field_9\" class=\"wpforms-field-small wpforms-field-required\" name=\"wpforms[fields][9]\" step=\"any\" required><\/div><div id=\"wpforms-852-field_11-container\" class=\"wpforms-field wpforms-field-textarea\" data-field-id=\"11\"><label class=\"wpforms-field-label wpforms-label-hide\" for=\"wpforms-852-field_11\">Descripci\u00f3n <span class=\"wpforms-required-label\">*<\/span><\/label><textarea id=\"wpforms-852-field_11\" class=\"wpforms-field-medium wpforms-field-required\" name=\"wpforms[fields][11]\" placeholder=\"Descripci\u00f3n\" required><\/textarea><\/div><div id=\"wpforms-852-field_12-container\" class=\"wpforms-field wpforms-field-radio wpforms-list-inline\" data-field-id=\"12\"><label class=\"wpforms-field-label\">Detalle de la reclamaci\u00f3n<\/label><ul id=\"wpforms-852-field_12\"><li class=\"choice-1 depth-1 wpforms-selected\"><input type=\"radio\" id=\"wpforms-852-field_12_1\" name=\"wpforms[fields][12]\" value=\"Reclamo\" checked><label class=\"wpforms-field-label-inline\" for=\"wpforms-852-field_12_1\">Reclamo<\/label><\/li><li class=\"choice-2 depth-1\"><input type=\"radio\" id=\"wpforms-852-field_12_2\" name=\"wpforms[fields][12]\" value=\"Queja\"><label class=\"wpforms-field-label-inline\" for=\"wpforms-852-field_12_2\">Queja<\/label><\/li><\/ul><div class=\"wpforms-field-description\">Disconformidad relacionada a los productos o servicios.<\/div><\/div><div id=\"wpforms-852-field_13-container\" class=\"wpforms-field wpforms-field-textarea\" data-field-id=\"13\"><label class=\"wpforms-field-label wpforms-label-hide\" for=\"wpforms-852-field_13\">Detalle<\/label><textarea id=\"wpforms-852-field_13\" class=\"wpforms-field-medium\" name=\"wpforms[fields][13]\" placeholder=\"Detalle\"><\/textarea><\/div><div id=\"wpforms-852-field_14-container\" class=\"wpforms-field wpforms-field-textarea\" data-field-id=\"14\"><label class=\"wpforms-field-label wpforms-label-hide\" for=\"wpforms-852-field_14\">Pedido<\/label><textarea id=\"wpforms-852-field_14\" class=\"wpforms-field-medium\" name=\"wpforms[fields][14]\" placeholder=\"Pedido\"><\/textarea><\/div><div id=\"wpforms-852-field_16-container\" class=\"wpforms-field wpforms-field-checkbox\" data-field-id=\"16\"><label class=\"wpforms-field-label wpforms-label-hide\">Casillas de verificaci\u00f3n <span class=\"wpforms-required-label\">*<\/span><\/label><ul id=\"wpforms-852-field_16\" class=\"wpforms-field-required\"><li class=\"choice-2 depth-1\"><input type=\"checkbox\" id=\"wpforms-852-field_16_2\" name=\"wpforms[fields][16][]\" value=\"Declaro haber le\u00eddo y acepto la Pol\u00edtica de Privacidad. Declaro que los datos consignados son correctos y fiel expresi\u00f3n de la verdad.\" required><label class=\"wpforms-field-label-inline\" for=\"wpforms-852-field_16_2\">Declaro haber le\u00eddo y acepto la Pol\u00edtica de Privacidad. Declaro que los datos consignados son correctos y fiel expresi\u00f3n de la verdad.<\/label><\/li><\/ul><\/div><\/div><!-- .wpforms-field-container --><div class=\"wpforms-submit-container\"><input type=\"hidden\" name=\"wpforms[id]\" value=\"852\"><input type=\"hidden\" name=\"page_title\" value=\"\"><input type=\"hidden\" name=\"page_url\" value=\"https:\/\/www.citvgrupojjsac.com\/citv\/wp-json\/wp\/v2\/pages\/851\"><input type=\"hidden\" name=\"url_referer\" value=\"\"><button type=\"submit\" name=\"wpforms[submit]\" id=\"wpforms-submit-852\" class=\"wpforms-submit\" data-alt-text=\"Enviando...\" data-submit-text=\"Enviar\" aria-live=\"assertive\" value=\"wpforms-submit\">Enviar<\/button><img loading=\"lazy\" decoding=\"async\" src=\"https:\/\/www.citvgrupojjsac.com\/citv\/wp-content\/plugins\/wpforms-lite\/assets\/images\/submit-spin.svg\" class=\"wpforms-submit-spinner\" style=\"display: none;\" width=\"26\" height=\"26\" alt=\"Cargando\" loading=\"lazy\"><\/div><\/form><\/div>  <!-- .wpforms-container -->\t\t\t\t<\/div>\n\t\t\t\t<\/div>\n\t\t\t\t\t<\/div>\n\t\t<\/div>\n\t\t\t\t\t<\/div>\n\t\t<\/section>\n\t\t\t\t<\/div>\n\t\t<\/body>","protected":false},"excerpt":{"rendered":"<p>LIBRO DE RECLAMACIONES<\/p>\n","protected":false},"author":1,"featured_media":0,"parent":0,"menu_order":0,"comment_status":"closed","ping_status":"closed","template":"","meta":{"om_disable_all_campaigns":false,"footnotes":""},"class_list":["post-851","page","type-page","status-publish","hentry"],"jetpack_sharing_enabled":true,"_links":{"self":[{"href":"https:\/\/www.citvgrupojjsac.com\/citv\/wp-json\/wp\/v2\/pages\/851","targetHints":{"allow":["GET"]}}],"collection":[{"href":"https:\/\/www.citvgrupojjsac.com\/citv\/wp-json\/wp\/v2\/pages"}],"about":[{"href":"https:\/\/www.citvgrupojjsac.com\/citv\/wp-json\/wp\/v2\/types\/page"}],"author":[{"embeddable":true,"href":"https:\/\/www.citvgrupojjsac.com\/citv\/wp-json\/wp\/v2\/users\/1"}],"replies":[{"embeddable":true,"href":"https:\/\/www.citvgrupojjsac.com\/citv\/wp-json\/wp\/v2\/comments?post=851"}],"version-history":[{"count":30,"href":"https:\/\/www.citvgrupojjsac.com\/citv\/wp-json\/wp\/v2\/pages\/851\/revisions"}],"predecessor-version":[{"id":887,"href":"https:\/\/www.citvgrupojjsac.com\/citv\/wp-json\/wp\/v2\/pages\/851\/revisions\/887"}],"wp:attachment":[{"href":"https:\/\/www.citvgrupojjsac.com\/citv\/wp-json\/wp\/v2\/media?parent=851"}],"curies":[{"name":"wp","href":"https:\/\/api.w.org\/{rel}","templated":true}]}}